
{"id":6028,"date":"2023-07-28T17:42:38","date_gmt":"2023-07-28T17:42:38","guid":{"rendered":"https:\/\/ferrerajewels.pt\/?post_type=product&#038;p=6028"},"modified":"2023-07-28T17:42:38","modified_gmt":"2023-07-28T17:42:38","slug":"10250-37r-nir","status":"publish","type":"product","link":"https:\/\/ferrerajewels.pt\/en\/product\/10250-37r-nir\/","title":{"rendered":"10250-37R-NIR"},"content":{"rendered":"<p>Diameter: 45mm<br \/>\nMovement: Quartz<br \/>\nCaliber: Caliber 102 (Ronda 5030 D)<br \/>\nFunctions: Chronograph, Date<br \/>\nWater Resistance: 1000m | 100 ATM<br \/>\nMaterial: Pink PVD, Stainless steel<br \/>\nGlass: Sapphire<br \/>\nDial: Black, Rose<br \/>\nCase Height: 15.5 mm<br \/>\nHorn-gap: 25 mm<br \/>\nWeight: 165g<br \/>\nFeatures: Edox crown and\/or pusher with double O'ring, Helium valve, Luminescent hands and\/or indices, Rotating ceramic bezel, Screw-down crown and\/or pushers<br \/>\nStrap: Rubber<br \/>\nGender: Men<\/p>","protected":false},"excerpt":{"rendered":"<p>Di\u00e2metro: 45mm Movimento: Quartzo Calibre: Calibre 102 (Ronda 5030 D) Fun\u00e7\u00f5es: Cron\u00f3grafo, Data Resist\u00eancia \u00e0 \u00e1gua: 1000m | 100 ATM Material: PVD rosa, a\u00e7o inoxid\u00e1vel Vidro: Safira Mostrador: preto, rosa Altura da caixa: 15,5 mm Horn-gap: 25 mm Peso: 165g Caracter\u00edsticas: Coroa Edox e\/ou bot\u00e3o com duplo O&#8217;ring, v\u00e1lvula de h\u00e9lio, ponteiros e\/ou \u00edndices luminescentes, [&hellip;]<\/p>","protected":false},"featured_media":6029,"template":"","meta":{"inline_featured_image":false,"_themeisle_gutenberg_block_has_review":false},"product_cat":[89,90],"product_tag":[],"class_list":["post-6028","product","type-product","status-publish","has-post-thumbnail","hentry","product_cat-masculino","product_cat-relogios"],"_links":{"self":[{"href":"https:\/\/ferrerajewels.pt\/en\/wp-json\/wp\/v2\/product\/6028","targetHints":{"allow":["GET"]}}],"collection":[{"href":"https:\/\/ferrerajewels.pt\/en\/wp-json\/wp\/v2\/product"}],"about":[{"href":"https:\/\/ferrerajewels.pt\/en\/wp-json\/wp\/v2\/types\/product"}],"version-history":[{"count":1,"href":"https:\/\/ferrerajewels.pt\/en\/wp-json\/wp\/v2\/product\/6028\/revisions"}],"predecessor-version":[{"id":6030,"href":"https:\/\/ferrerajewels.pt\/en\/wp-json\/wp\/v2\/product\/6028\/revisions\/6030"}],"wp:featuredmedia":[{"embeddable":true,"href":"https:\/\/ferrerajewels.pt\/en\/wp-json\/wp\/v2\/media\/6029"}],"wp:attachment":[{"href":"https:\/\/ferrerajewels.pt\/en\/wp-json\/wp\/v2\/media?parent=6028"}],"wp:term":[{"taxonomy":"product_cat","embeddable":true,"href":"https:\/\/ferrerajewels.pt\/en\/wp-json\/wp\/v2\/product_cat?post=6028"},{"taxonomy":"product_tag","embeddable":true,"href":"https:\/\/ferrerajewels.pt\/en\/wp-json\/wp\/v2\/product_tag?post=6028"}],"curies":[{"name":"wp","href":"https:\/\/api.w.org\/{rel}","templated":true}]}}