
{"id":6025,"date":"2023-07-28T17:41:28","date_gmt":"2023-07-28T17:41:28","guid":{"rendered":"https:\/\/ferrerajewels.pt\/?post_type=product&#038;p=6025"},"modified":"2023-07-28T17:41:47","modified_gmt":"2023-07-28T17:41:47","slug":"relogio-10242-tin-vin","status":"publish","type":"product","link":"https:\/\/ferrerajewels.pt\/en\/product\/relogio-10242-tin-vin\/","title":{"rendered":"10242-TIN-VIN"},"content":{"rendered":"<p>Diameter: 45mm<br \/>\nMovement: Quartz<br \/>\nCaliber: Caliber 102 (Ronda 5030 D)<br \/>\nFunctions: Chronograph, Date<br \/>\nWater Resistance: 1000m | 100 ATM<br \/>\nMaterial: Pink PVD, Titanium<br \/>\nGlass: 3mm thick sapphire crystal<br \/>\nDial: Brown<br \/>\nCase Height: 15.5 mm<br \/>\nHorn-gap: 25 mm<br \/>\nWeight: 130g<br \/>\nFeatures: Edox crown and\/or pusher with double O'ring, Helium valve, Rotating ceramic bezel, Screw-down crown and\/or pushers, Superluminova X1 on hands and\/or indices<br \/>\nStrap: Rubber<br \/>\nGender: Men<\/p>","protected":false},"excerpt":{"rendered":"<p>Di\u00e2metro: 45mm Movimento: Quartzo Calibre: Calibre 102 (Ronda 5030 D) Fun\u00e7\u00f5es: Cron\u00f3grafo, Data Resist\u00eancia \u00e0 \u00e1gua: 1000m | 100 ATM Material: PVD rosa, tit\u00e2nio Vidro: cristal de safira de 3 mm de espessura Mostrador: Castanho Altura da caixa: 15,5 mm Horn-gap: 25 mm Peso: 130g Caracter\u00edsticas: Coroa e\/ou empurrador Edox com O&#8217;ring duplo, v\u00e1lvula de [&hellip;]<\/p>","protected":false},"featured_media":6026,"template":"","meta":{"inline_featured_image":false,"_themeisle_gutenberg_block_has_review":false},"product_cat":[89,90],"product_tag":[],"class_list":["post-6025","product","type-product","status-publish","has-post-thumbnail","hentry","product_cat-masculino","product_cat-relogios"],"_links":{"self":[{"href":"https:\/\/ferrerajewels.pt\/en\/wp-json\/wp\/v2\/product\/6025","targetHints":{"allow":["GET"]}}],"collection":[{"href":"https:\/\/ferrerajewels.pt\/en\/wp-json\/wp\/v2\/product"}],"about":[{"href":"https:\/\/ferrerajewels.pt\/en\/wp-json\/wp\/v2\/types\/product"}],"version-history":[{"count":1,"href":"https:\/\/ferrerajewels.pt\/en\/wp-json\/wp\/v2\/product\/6025\/revisions"}],"predecessor-version":[{"id":6027,"href":"https:\/\/ferrerajewels.pt\/en\/wp-json\/wp\/v2\/product\/6025\/revisions\/6027"}],"wp:featuredmedia":[{"embeddable":true,"href":"https:\/\/ferrerajewels.pt\/en\/wp-json\/wp\/v2\/media\/6026"}],"wp:attachment":[{"href":"https:\/\/ferrerajewels.pt\/en\/wp-json\/wp\/v2\/media?parent=6025"}],"wp:term":[{"taxonomy":"product_cat","embeddable":true,"href":"https:\/\/ferrerajewels.pt\/en\/wp-json\/wp\/v2\/product_cat?post=6025"},{"taxonomy":"product_tag","embeddable":true,"href":"https:\/\/ferrerajewels.pt\/en\/wp-json\/wp\/v2\/product_tag?post=6025"}],"curies":[{"name":"wp","href":"https:\/\/api.w.org\/{rel}","templated":true}]}}