
{"id":6011,"date":"2023-07-28T17:36:30","date_gmt":"2023-07-28T17:36:30","guid":{"rendered":"https:\/\/ferrerajewels.pt\/?post_type=product&#038;p=6011"},"modified":"2023-07-28T17:36:50","modified_gmt":"2023-07-28T17:36:50","slug":"relogio-10242-tin-nin","status":"publish","type":"product","link":"https:\/\/ferrerajewels.pt\/en\/product\/relogio-10242-tin-nin\/","title":{"rendered":"10242-TIN-NIN"},"content":{"rendered":"<p>Diameter: 45mm<br \/>\nMovement: Quartz<br \/>\nCaliber: Caliber 102 (Ronda 5030 D)<br \/>\nFunctions: Chronograph, Date<br \/>\nWater Resistance: 1000m | 100 ATM<br \/>\nMaterial: Titanium<br \/>\nGlass: Sapphire<br \/>\nDial: Black<br \/>\nCase Height: 15.5 mm<br \/>\nHorn-gap: 25 mm<br \/>\nWeight: 130g<br \/>\nFeatures: Edox crown and\/or pusher with double O'ring, Helium valve, Luminescent hands and\/or indices, Rotating ceramic bezel, Screw-down crown and\/or pushers<br \/>\nStrap: Rubber<br \/>\nGender: Men<\/p>","protected":false},"excerpt":{"rendered":"<p>Di\u00e2metro: 45mm Movimento: Quartzo Calibre: Calibre 102 (Ronda 5030 D) Fun\u00e7\u00f5es: Cron\u00f3grafo, Data Resist\u00eancia \u00e0 \u00e1gua: 1000m | 100 ATM Material: Tit\u00e2nio Vidro: Safira Mostrador: preto Altura da caixa: 15,5 mm Horn-gap: 25 mm Peso: 130g Caracter\u00edsticas: Coroa Edox e\/ou bot\u00e3o com duplo O&#8217;ring, v\u00e1lvula de h\u00e9lio, ponteiros e\/ou \u00edndices luminescentes, bisel girat\u00f3rio de cer\u00e2mica, [&hellip;]<\/p>","protected":false},"featured_media":6012,"template":"","meta":{"inline_featured_image":false,"_themeisle_gutenberg_block_has_review":false},"product_cat":[89,90],"product_tag":[],"class_list":["post-6011","product","type-product","status-publish","has-post-thumbnail","hentry","product_cat-masculino","product_cat-relogios"],"_links":{"self":[{"href":"https:\/\/ferrerajewels.pt\/en\/wp-json\/wp\/v2\/product\/6011","targetHints":{"allow":["GET"]}}],"collection":[{"href":"https:\/\/ferrerajewels.pt\/en\/wp-json\/wp\/v2\/product"}],"about":[{"href":"https:\/\/ferrerajewels.pt\/en\/wp-json\/wp\/v2\/types\/product"}],"version-history":[{"count":1,"href":"https:\/\/ferrerajewels.pt\/en\/wp-json\/wp\/v2\/product\/6011\/revisions"}],"predecessor-version":[{"id":6013,"href":"https:\/\/ferrerajewels.pt\/en\/wp-json\/wp\/v2\/product\/6011\/revisions\/6013"}],"wp:featuredmedia":[{"embeddable":true,"href":"https:\/\/ferrerajewels.pt\/en\/wp-json\/wp\/v2\/media\/6012"}],"wp:attachment":[{"href":"https:\/\/ferrerajewels.pt\/en\/wp-json\/wp\/v2\/media?parent=6011"}],"wp:term":[{"taxonomy":"product_cat","embeddable":true,"href":"https:\/\/ferrerajewels.pt\/en\/wp-json\/wp\/v2\/product_cat?post=6011"},{"taxonomy":"product_tag","embeddable":true,"href":"https:\/\/ferrerajewels.pt\/en\/wp-json\/wp\/v2\/product_tag?post=6011"}],"curies":[{"name":"wp","href":"https:\/\/api.w.org\/{rel}","templated":true}]}}