
{"id":5991,"date":"2023-07-28T17:28:26","date_gmt":"2023-07-28T17:28:26","guid":{"rendered":"https:\/\/ferrerajewels.pt\/?post_type=product&#038;p=5991"},"modified":"2023-07-28T17:28:51","modified_gmt":"2023-07-28T17:28:51","slug":"relogio-01125-clngn-bunn","status":"publish","type":"product","link":"https:\/\/ferrerajewels.pt\/en\/product\/relogio-01125-clngn-bunn\/","title":{"rendered":"01125-CLNGN-BUNN"},"content":{"rendered":"<p>Diameter: 45mm<br \/>\nMovement: Automatic<br \/>\nCaliber: Caliber 011 (SW500)<br \/>\nFunctions: Chronograph, Day-date<br \/>\nWater Resistance: 500m | 50 ATM<br \/>\nMaterial: Carbon<br \/>\nGlass: Sapphire<br \/>\nDial: Blue<br \/>\nCase Height: 16.5 mm<br \/>\nHorn-gap: 25 mm<br \/>\nWeight: 148g<br \/>\nFeatures: Edox crown and\/or pusher with double O'ring, Helium valve, Luminescent hands and \/ or indices, Screw-down crown and\/or pushers, See trhought caseback<br \/>\nStrap: Rubber<br \/>\nGender: Men<\/p>","protected":false},"excerpt":{"rendered":"<p>Di\u00e2metro: 45mm Movimento: Autom\u00e1tico Calibre: Calibre 011 (SW500) Fun\u00e7\u00f5es: Cron\u00f3grafo, Dia-data Resist\u00eancia \u00e0 \u00e1gua: 500m | 50 ATM Material: Carbono Vidro: Safira Mostrador: Azul Altura da caixa: 16,5 mm Horn-gap: 25 mm Peso: 148g Caracter\u00edsticas: Coroa e\/ou empurrador Edox com O&#8217;ring duplo, V\u00e1lvula de h\u00e9lio, Ponteiros e\/ou \u00edndices luminescentes, Coroa e\/ou empurradores aparafusados, Ver fundo [&hellip;]<\/p>","protected":false},"featured_media":5992,"template":"","meta":{"inline_featured_image":false,"_themeisle_gutenberg_block_has_review":false},"product_cat":[89,90],"product_tag":[],"class_list":["post-5991","product","type-product","status-publish","has-post-thumbnail","hentry","product_cat-masculino","product_cat-relogios"],"_links":{"self":[{"href":"https:\/\/ferrerajewels.pt\/en\/wp-json\/wp\/v2\/product\/5991","targetHints":{"allow":["GET"]}}],"collection":[{"href":"https:\/\/ferrerajewels.pt\/en\/wp-json\/wp\/v2\/product"}],"about":[{"href":"https:\/\/ferrerajewels.pt\/en\/wp-json\/wp\/v2\/types\/product"}],"version-history":[{"count":1,"href":"https:\/\/ferrerajewels.pt\/en\/wp-json\/wp\/v2\/product\/5991\/revisions"}],"predecessor-version":[{"id":5993,"href":"https:\/\/ferrerajewels.pt\/en\/wp-json\/wp\/v2\/product\/5991\/revisions\/5993"}],"wp:featuredmedia":[{"embeddable":true,"href":"https:\/\/ferrerajewels.pt\/en\/wp-json\/wp\/v2\/media\/5992"}],"wp:attachment":[{"href":"https:\/\/ferrerajewels.pt\/en\/wp-json\/wp\/v2\/media?parent=5991"}],"wp:term":[{"taxonomy":"product_cat","embeddable":true,"href":"https:\/\/ferrerajewels.pt\/en\/wp-json\/wp\/v2\/product_cat?post=5991"},{"taxonomy":"product_tag","embeddable":true,"href":"https:\/\/ferrerajewels.pt\/en\/wp-json\/wp\/v2\/product_tag?post=5991"}],"curies":[{"name":"wp","href":"https:\/\/api.w.org\/{rel}","templated":true}]}}