
{"id":5979,"date":"2023-07-28T17:12:09","date_gmt":"2023-07-28T17:12:09","guid":{"rendered":"https:\/\/ferrerajewels.pt\/?post_type=product&#038;p=5979"},"modified":"2023-07-28T17:19:35","modified_gmt":"2023-07-28T17:19:35","slug":"relogio-85303-3nn-vb","status":"publish","type":"product","link":"https:\/\/ferrerajewels.pt\/en\/product\/relogio-85303-3nn-vb\/","title":{"rendered":"85303-3NN-VB"},"content":{"rendered":"<p>Diameter: 43 mm<br \/>\nMovement: Automatic<br \/>\nCaliber: Caliber 853 (Sw200)<br \/>\nFunctions: Display of hours, minutes and seconds<br \/>\nWater Resistance: 200m | 20 ATM<br \/>\nMaterial: Stainless Steel<br \/>\nGlass: Sapphire<br \/>\nDial: Green, Grey<br \/>\nCase Height: 12.5 mm<br \/>\nHorn-gap: 24 mm<br \/>\nWeight: 180g<br \/>\nFeatures: Edox crown and\/or pusher with double O'ring, Luminescent hands and \/ or indices, Screw-down crown and\/or pushers, see throught caseback<br \/>\nStrap: Rubber<br \/>\nGender: Men<\/p>","protected":false},"excerpt":{"rendered":"<p>Di\u00e2metro: 43 mm Movimento: Autom\u00e1tico Calibre: Calibre 853 (Sw200) Fun\u00e7\u00f5es: Exibi\u00e7\u00e3o de horas, minutos e segundos Resist\u00eancia \u00e0 \u00e1gua: 200m | 20 ATM Material: a\u00e7o inoxid\u00e1vel Vidro: Safira Mostrador: Verde, Cinza Altura da caixa: 12,5 mm Horn-gap: 24 mm Peso: 180g Caracter\u00edsticas: Coroa e\/ou empurrador Edox com duplo O&#8217;ring, Ponteiros e\/ou \u00edndices luminescentes, Coroa e\/ou [&hellip;]<\/p>","protected":false},"featured_media":5980,"template":"","meta":{"inline_featured_image":false,"_themeisle_gutenberg_block_has_review":false},"product_cat":[89,90],"product_tag":[],"class_list":["post-5979","product","type-product","status-publish","has-post-thumbnail","hentry","product_cat-masculino","product_cat-relogios"],"_links":{"self":[{"href":"https:\/\/ferrerajewels.pt\/en\/wp-json\/wp\/v2\/product\/5979","targetHints":{"allow":["GET"]}}],"collection":[{"href":"https:\/\/ferrerajewels.pt\/en\/wp-json\/wp\/v2\/product"}],"about":[{"href":"https:\/\/ferrerajewels.pt\/en\/wp-json\/wp\/v2\/types\/product"}],"version-history":[{"count":2,"href":"https:\/\/ferrerajewels.pt\/en\/wp-json\/wp\/v2\/product\/5979\/revisions"}],"predecessor-version":[{"id":5989,"href":"https:\/\/ferrerajewels.pt\/en\/wp-json\/wp\/v2\/product\/5979\/revisions\/5989"}],"wp:featuredmedia":[{"embeddable":true,"href":"https:\/\/ferrerajewels.pt\/en\/wp-json\/wp\/v2\/media\/5980"}],"wp:attachment":[{"href":"https:\/\/ferrerajewels.pt\/en\/wp-json\/wp\/v2\/media?parent=5979"}],"wp:term":[{"taxonomy":"product_cat","embeddable":true,"href":"https:\/\/ferrerajewels.pt\/en\/wp-json\/wp\/v2\/product_cat?post=5979"},{"taxonomy":"product_tag","embeddable":true,"href":"https:\/\/ferrerajewels.pt\/en\/wp-json\/wp\/v2\/product_tag?post=5979"}],"curies":[{"name":"wp","href":"https:\/\/api.w.org\/{rel}","templated":true}]}}