
{"id":5976,"date":"2023-07-28T17:10:43","date_gmt":"2023-07-28T17:10:43","guid":{"rendered":"https:\/\/ferrerajewels.pt\/?post_type=product&#038;p=5976"},"modified":"2023-07-28T17:17:50","modified_gmt":"2023-07-28T17:17:50","slug":"relogio-10112-3bum-buin","status":"publish","type":"product","link":"https:\/\/ferrerajewels.pt\/en\/product\/relogio-10112-3bum-buin\/","title":{"rendered":"10112-3BUM-BUIN"},"content":{"rendered":"<p>Diameter: 43 mm<br \/>\nMovement: Quartz<br \/>\nCaliber: Caliber 101 (Ronda 5021.D)<br \/>\nFunctions: Chronograph, Date<br \/>\nWater Resistance: 200m | 20 ATM<br \/>\nMaterial: Stainless Steel<br \/>\nGlass: Sapphire<br \/>\nDial: Blue<br \/>\nCase Height: 12.9 mm<br \/>\nHorn-gap: 24 mm<br \/>\nWeight: 186g<br \/>\nFeatures: Edox crown and\/or pusher with double O'ring, Luminescent hands and \/ or indices, Rotating ceramic bezel, Screw-down crown and\/or pushers<br \/>\nStrap: Metal<br \/>\nGender: Men<br \/>\nClasp: Double folding clasp<\/p>","protected":false},"excerpt":{"rendered":"<p>Di\u00e2metro: 43 mm Movimento: Quartzo Calibre: Calibre 101 (Ronda 5021.D) Fun\u00e7\u00f5es: Cron\u00f3grafo, Data Resist\u00eancia \u00e0 \u00e1gua: 200m | 20 ATM Material: a\u00e7o inoxid\u00e1vel Vidro: Safira Mostrador: Azul Altura da caixa: 12,9 mm Horn-gap: 24 mm Peso: 186g Caracter\u00edsticas: Coroa Edox e\/ou bot\u00e3o com duplo O&#8217;ring, Ponteiros e\/ou \u00edndices luminescentes, Bezel girat\u00f3rio de cer\u00e2mica, Coroa e\/ou [&hellip;]<\/p>","protected":false},"featured_media":5977,"template":"","meta":{"inline_featured_image":false,"_themeisle_gutenberg_block_has_review":false},"product_cat":[89,90],"product_tag":[],"class_list":["post-5976","product","type-product","status-publish","has-post-thumbnail","hentry","product_cat-masculino","product_cat-relogios"],"_links":{"self":[{"href":"https:\/\/ferrerajewels.pt\/en\/wp-json\/wp\/v2\/product\/5976","targetHints":{"allow":["GET"]}}],"collection":[{"href":"https:\/\/ferrerajewels.pt\/en\/wp-json\/wp\/v2\/product"}],"about":[{"href":"https:\/\/ferrerajewels.pt\/en\/wp-json\/wp\/v2\/types\/product"}],"version-history":[{"count":2,"href":"https:\/\/ferrerajewels.pt\/en\/wp-json\/wp\/v2\/product\/5976\/revisions"}],"predecessor-version":[{"id":5987,"href":"https:\/\/ferrerajewels.pt\/en\/wp-json\/wp\/v2\/product\/5976\/revisions\/5987"}],"wp:featuredmedia":[{"embeddable":true,"href":"https:\/\/ferrerajewels.pt\/en\/wp-json\/wp\/v2\/media\/5977"}],"wp:attachment":[{"href":"https:\/\/ferrerajewels.pt\/en\/wp-json\/wp\/v2\/media?parent=5976"}],"wp:term":[{"taxonomy":"product_cat","embeddable":true,"href":"https:\/\/ferrerajewels.pt\/en\/wp-json\/wp\/v2\/product_cat?post=5976"},{"taxonomy":"product_tag","embeddable":true,"href":"https:\/\/ferrerajewels.pt\/en\/wp-json\/wp\/v2\/product_tag?post=5976"}],"curies":[{"name":"wp","href":"https:\/\/api.w.org\/{rel}","templated":true}]}}