
{"id":5973,"date":"2023-07-28T17:09:01","date_gmt":"2023-07-28T17:09:01","guid":{"rendered":"https:\/\/ferrerajewels.pt\/?post_type=product&#038;p=5973"},"modified":"2023-07-28T17:19:15","modified_gmt":"2023-07-28T17:19:15","slug":"relogio-10109-37nbuca-nibu","status":"publish","type":"product","link":"https:\/\/ferrerajewels.pt\/en\/product\/relogio-10109-37nbuca-nibu\/","title":{"rendered":"10109-37NBUCA-NIBU"},"content":{"rendered":"<p>Diameter: 44mm<br \/>\nMovement: Quartz<br \/>\nCaliber: Caliber 101 (Ronda 5021.D)<br \/>\nFunctions: Chronograph, Date<br \/>\nWater Resistance: 200m | 20 ATM<br \/>\nMaterial: Black PVD<br \/>\nGlass: Sapphire<br \/>\nDial: Black<br \/>\nCase Height: 12 cm<br \/>\nHorn-gap: 24 mm<br \/>\nWeight: 102g<br \/>\nFeatures: Edox crown and\/or pusher with double O'ring, Luminescent hands and \/ or indices, Rotating ceramic bezel, Screw-down crown and\/or pushers<br \/>\nStrap: Rubber<br \/>\nGender: Men<\/p>","protected":false},"excerpt":{"rendered":"<p>Di\u00e2metro: 44mm Movimento: Quartzo Calibre: Calibre 101 (Ronda 5021.D) Fun\u00e7\u00f5es: Cron\u00f3grafo, Data Resist\u00eancia \u00e0 \u00e1gua: 200m | 20 ATM Material: PVD preto Vidro: Safira Mostrador: preto Altura da caixa: 12 cm Horn-gap: 24 mm Peso: 102g Caracter\u00edsticas: Coroa Edox e\/ou bot\u00e3o com duplo O&#8217;ring, Ponteiros e\/ou \u00edndices luminescentes, Bezel girat\u00f3rio de cer\u00e2mica, Coroa e\/ou bot\u00f5es [&hellip;]<\/p>","protected":false},"featured_media":5974,"template":"","meta":{"inline_featured_image":false,"_themeisle_gutenberg_block_has_review":false},"product_cat":[89,90],"product_tag":[],"class_list":["post-5973","product","type-product","status-publish","has-post-thumbnail","hentry","product_cat-masculino","product_cat-relogios"],"_links":{"self":[{"href":"https:\/\/ferrerajewels.pt\/en\/wp-json\/wp\/v2\/product\/5973","targetHints":{"allow":["GET"]}}],"collection":[{"href":"https:\/\/ferrerajewels.pt\/en\/wp-json\/wp\/v2\/product"}],"about":[{"href":"https:\/\/ferrerajewels.pt\/en\/wp-json\/wp\/v2\/types\/product"}],"version-history":[{"count":2,"href":"https:\/\/ferrerajewels.pt\/en\/wp-json\/wp\/v2\/product\/5973\/revisions"}],"predecessor-version":[{"id":5988,"href":"https:\/\/ferrerajewels.pt\/en\/wp-json\/wp\/v2\/product\/5973\/revisions\/5988"}],"wp:featuredmedia":[{"embeddable":true,"href":"https:\/\/ferrerajewels.pt\/en\/wp-json\/wp\/v2\/media\/5974"}],"wp:attachment":[{"href":"https:\/\/ferrerajewels.pt\/en\/wp-json\/wp\/v2\/media?parent=5973"}],"wp:term":[{"taxonomy":"product_cat","embeddable":true,"href":"https:\/\/ferrerajewels.pt\/en\/wp-json\/wp\/v2\/product_cat?post=5973"},{"taxonomy":"product_tag","embeddable":true,"href":"https:\/\/ferrerajewels.pt\/en\/wp-json\/wp\/v2\/product_tag?post=5973"}],"curies":[{"name":"wp","href":"https:\/\/api.w.org\/{rel}","templated":true}]}}