
{"id":5920,"date":"2023-07-28T15:45:58","date_gmt":"2023-07-28T15:45:58","guid":{"rendered":"https:\/\/ferrerajewels.pt\/?post_type=product&#038;p=5920"},"modified":"2023-07-28T16:46:47","modified_gmt":"2023-07-28T16:46:47","slug":"relogio-80120-3bum-buf","status":"publish","type":"product","link":"https:\/\/ferrerajewels.pt\/en\/product\/relogio-80120-3bum-buf\/","title":{"rendered":"80120-3BUM-BUF"},"content":{"rendered":"<p>Diameter: 44mm<br \/>\nMovement: Automatic<br \/>\nCaliber: Caliber 80 (SW200)<br \/>\nFunctions: Date<br \/>\nWater Resistance: 1000m | 100 ATM<br \/>\nMaterial: Stainless Steel<br \/>\nGlass: Sapphire<br \/>\nDial: Blue<br \/>\nCase Height: 15.6 mm<br \/>\nHorn-gap: 21 mm<br \/>\nWeight: 155g<br \/>\nFeatures: Edox crown and\/or pusher with double O'ring, Helium valve, Luminescent hands and \/ or indices, Rotating ceramic bezel, Screw-down crown and\/or pushers<br \/>\nStrap: Metal<br \/>\nGender: Men<\/p>","protected":false},"excerpt":{"rendered":"<p>Di\u00e2metro: 44mm Movimento: Autom\u00e1tico Calibre: Calibre 80 (SW200) Fun\u00e7\u00f5es: Data Resist\u00eancia \u00e0 \u00e1gua: 1000m | 100 ATM Material: a\u00e7o inoxid\u00e1vel Vidro: Safira Mostrador: Azul Altura da caixa: 15,6 mm Horn-gap: 21 mm Peso: 155g Caracter\u00edsticas: Coroa e\/ou empurrador Edox com duplo O&#8217;ring, v\u00e1lvula de h\u00e9lio, ponteiros e\/ou \u00edndices luminescentes, bisel girat\u00f3rio de cer\u00e2mica, coroa e\/ou [&hellip;]<\/p>","protected":false},"featured_media":5921,"template":"","meta":{"inline_featured_image":false,"_themeisle_gutenberg_block_has_review":false},"product_cat":[89,90],"product_tag":[],"class_list":["post-5920","product","type-product","status-publish","has-post-thumbnail","hentry","product_cat-masculino","product_cat-relogios"],"_links":{"self":[{"href":"https:\/\/ferrerajewels.pt\/en\/wp-json\/wp\/v2\/product\/5920","targetHints":{"allow":["GET"]}}],"collection":[{"href":"https:\/\/ferrerajewels.pt\/en\/wp-json\/wp\/v2\/product"}],"about":[{"href":"https:\/\/ferrerajewels.pt\/en\/wp-json\/wp\/v2\/types\/product"}],"version-history":[{"count":3,"href":"https:\/\/ferrerajewels.pt\/en\/wp-json\/wp\/v2\/product\/5920\/revisions"}],"predecessor-version":[{"id":5960,"href":"https:\/\/ferrerajewels.pt\/en\/wp-json\/wp\/v2\/product\/5920\/revisions\/5960"}],"wp:featuredmedia":[{"embeddable":true,"href":"https:\/\/ferrerajewels.pt\/en\/wp-json\/wp\/v2\/media\/5921"}],"wp:attachment":[{"href":"https:\/\/ferrerajewels.pt\/en\/wp-json\/wp\/v2\/media?parent=5920"}],"wp:term":[{"taxonomy":"product_cat","embeddable":true,"href":"https:\/\/ferrerajewels.pt\/en\/wp-json\/wp\/v2\/product_cat?post=5920"},{"taxonomy":"product_tag","embeddable":true,"href":"https:\/\/ferrerajewels.pt\/en\/wp-json\/wp\/v2\/product_tag?post=5920"}],"curies":[{"name":"wp","href":"https:\/\/api.w.org\/{rel}","templated":true}]}}