
{"id":5815,"date":"2023-05-26T17:38:03","date_gmt":"2023-05-26T17:38:03","guid":{"rendered":"https:\/\/ferrerajewels.pt\/?page_id=5815"},"modified":"2023-05-26T20:06:04","modified_gmt":"2023-05-26T20:06:04","slug":"loja-3","status":"publish","type":"page","link":"https:\/\/ferrerajewels.pt\/en\/loja-3\/","title":{"rendered":"Shop"},"content":{"rendered":"<div data-elementor-type=\"wp-page\" data-elementor-id=\"5815\" class=\"elementor elementor-5815\">\n\t\t\t\t\t\t\t\t\t<section class=\"elementor-section elementor-top-section elementor-element elementor-element-6a6c785 elementor-section-boxed elementor-section-height-default elementor-section-height-default\" data-id=\"6a6c785\" data-element_type=\"section\">\n\t\t\t\t\t\t<div class=\"elementor-container elementor-column-gap-default\">\n\t\t\t\t\t<div class=\"elementor-column elementor-col-50 elementor-top-column elementor-element elementor-element-d022d59\" data-id=\"d022d59\" data-element_type=\"column\">\n\t\t\t<div class=\"elementor-widget-wrap\">\n\t\t\t\t\t\t\t\t\t<\/div>\n\t\t<\/div>\n\t\t\t\t<div class=\"elementor-column elementor-col-50 elementor-top-column elementor-element elementor-element-dfa88b2\" data-id=\"dfa88b2\" data-element_type=\"column\">\n\t\t\t<div class=\"elementor-widget-wrap elementor-element-populated\">\n\t\t\t\t\t\t\t\t<div class=\"elementor-element elementor-element-f46e649 arrow-style-1 elementor-widget elementor-widget-aro-products\" data-id=\"f46e649\" data-element_type=\"widget\" data-widget_type=\"aro-products.default\">\n\t\t\t\t<div class=\"elementor-widget-container\">\n\t\t\t<div class=\"woocommerce columns-4  columns-tablet-2 columns-mobile-1\"><div class=\"aro-sorting\"><p class=\"woocommerce-result-count\">\n\tShowing 1&ndash;12 of 67 results<\/p>\n            <a href=\"#\" class=\"filter-toggle\" aria-expanded=\"false\">\n                <i class=\"aro-icon-sliders-v\"><\/i><span>Filter<\/span><\/a>\n            <form class=\"woocommerce-ordering\" method=\"get\" action=\"\">\n\t<select name=\"orderby\" class=\"orderby\" aria-label=\"Shop order\" data-no-translation-aria-label=\"\">\n\t\t\t\t\t<option value=\"menu_order\"  selected='selected' data-no-translation=\"\" data-trp-gettext=\"\">Default sorting<\/option>\n\t\t\t\t\t<option value=\"popularity\" data-no-translation=\"\" data-trp-gettext=\"\" >Sort by popularity<\/option>\n\t\t\t\t\t<option value=\"date\" data-no-translation=\"\" data-trp-gettext=\"\" >Sort by latest<\/option>\n\t\t\t\t\t<option value=\"price\" data-no-translation=\"\" data-trp-gettext=\"\" >Sort by price: low to high<\/option>\n\t\t\t\t\t<option value=\"price-desc\" data-no-translation=\"\" data-trp-gettext=\"\" >Sort by price: high to low<\/option>\n\t\t\t<\/select>\n\t<input type=\"hidden\" name=\"paged\" value=\"1\" \/>\n\t<input type=\"hidden\" name=\"trp-form-language\" value=\"en\"\/><\/form>\n        <div class=\"gridlist-toggle desktop-hide-down\">\n            <a href=\"\/en\/wp-json\/wp\/v2\/pages\/5815?layout=grid\" id=\"grid\" class=\"active\" title=\"Grid View\">\n                <i class=\"aro-icon-grip-horizontal\"><\/i>\n            <\/a>\n            <a href=\"\/en\/wp-json\/wp\/v2\/pages\/5815?layout=list\" id=\"list\" class=\"\" title=\"List View\">\n                <i class=\"aro-icon-list\"><\/i>\n            <\/a>\n        <\/div>\n        <\/div><div class=\"aro-products-spacing\">\n        <ul class=\"aro-products products columns-4\">\n\n<li class=\"product type-product post-5410 status-publish first instock product_cat-aneis has-post-thumbnail shipping-taxable purchasable product-type-simple\">\n\t<div class=\"product-block\"><div class=\"product-transition\">        <div class=\"group-action\">\n        <div class=\"shop-action\">\n        <div class=\"add_to_cart_tooltips\"> <a href=\"?add-to-cart=5410\" data-quantity=\"1\" class=\"button product_type_simple add_to_cart_button ajax_add_to_cart\" data-product_id=\"5410\" data-product_sku=\"\" aria-label=\"Add \u201cAnel 3180587\u201d to your basket\" aria-describedby=\"\" rel=\"nofollow\" data-no-translation=\"\" data-trp-gettext=\"\" data-no-translation-aria-label=\"\">Add to basket<\/a><\/div><button class=\"woosw-btn woosw-btn-5410\" data-id=\"5410\" data-product_name=\"Anel 3180587\" data-product_image=\"https:\/\/ferrerajewels.pt\/wp-content\/uploads\/2023\/03\/3280587-150x150.jpg\">Add to wishlist<\/button><button class=\"woosc-btn woosc-btn-5410\" data-id=\"5410\" data-product_name=\"Anel 3180587\" data-product_image=\"https:\/\/ferrerajewels.pt\/wp-content\/uploads\/2023\/03\/3280587-150x150.jpg\">Compare<\/button><button class=\"woosq-btn woosq-btn-5410\" data-id=\"5410\" data-effect=\"mfp-3d-unfold\" data-context=\"default\">Quick view<\/button>        <\/div>\n        <\/div>\n        <a href=\"https:\/\/ferrerajewels.pt\/en\/product\/anel-3180587\/\" class=\"woocommerce-LoopProduct-link woocommerce-loop-product__link\"><\/a><\/div><div class=\"product-caption\"><div class=\"posted-in\"><a href=\"https:\/\/ferrerajewels.pt\/en\/product-category\/feminino\/aneis\/\" rel=\"tag\">Rings<\/a><\/div><\/div><\/div><\/li>\n<li class=\"product type-product post-5407 status-publish instock product_cat-aneis has-post-thumbnail shipping-taxable purchasable product-type-simple\">\n\t<div class=\"product-block\"><div class=\"product-transition\">        <div class=\"group-action\">\n        <div class=\"shop-action\">\n        <div class=\"add_to_cart_tooltips\"> <a href=\"?add-to-cart=5407\" data-quantity=\"1\" class=\"button product_type_simple add_to_cart_button ajax_add_to_cart\" data-product_id=\"5407\" data-product_sku=\"\" aria-label=\"Add \u201cAnel 3180585\u201d to your basket\" aria-describedby=\"\" rel=\"nofollow\" data-no-translation=\"\" data-trp-gettext=\"\" data-no-translation-aria-label=\"\">Add to basket<\/a><\/div><button class=\"woosw-btn woosw-btn-5407\" data-id=\"5407\" data-product_name=\"Anel 3180585\" data-product_image=\"https:\/\/ferrerajewels.pt\/wp-content\/uploads\/2023\/03\/3280585-150x150.jpg\">Add to wishlist<\/button><button class=\"woosc-btn woosc-btn-5407\" data-id=\"5407\" data-product_name=\"Anel 3180585\" data-product_image=\"https:\/\/ferrerajewels.pt\/wp-content\/uploads\/2023\/03\/3280585-150x150.jpg\">Compare<\/button><button class=\"woosq-btn woosq-btn-5407\" data-id=\"5407\" data-effect=\"mfp-3d-unfold\" data-context=\"default\">Quick view<\/button>        <\/div>\n        <\/div>\n        <a href=\"https:\/\/ferrerajewels.pt\/en\/product\/anel-3180585\/\" class=\"woocommerce-LoopProduct-link woocommerce-loop-product__link\"><\/a><\/div><div class=\"product-caption\"><div class=\"posted-in\"><a href=\"https:\/\/ferrerajewels.pt\/en\/product-category\/feminino\/aneis\/\" rel=\"tag\">Rings<\/a><\/div><\/div><\/div><\/li>\n<li class=\"product type-product post-5404 status-publish instock product_cat-aneis has-post-thumbnail shipping-taxable purchasable product-type-simple\">\n\t<div class=\"product-block\"><div class=\"product-transition\">        <div class=\"group-action\">\n        <div class=\"shop-action\">\n        <div class=\"add_to_cart_tooltips\"> <a href=\"?add-to-cart=5404\" data-quantity=\"1\" class=\"button product_type_simple add_to_cart_button ajax_add_to_cart\" data-product_id=\"5404\" data-product_sku=\"\" aria-label=\"Add \u201cAnel 3180584\u201d to your basket\" aria-describedby=\"\" rel=\"nofollow\" data-no-translation=\"\" data-trp-gettext=\"\" data-no-translation-aria-label=\"\">Add to basket<\/a><\/div><button class=\"woosw-btn woosw-btn-5404\" data-id=\"5404\" data-product_name=\"Anel 3180584\" data-product_image=\"https:\/\/ferrerajewels.pt\/wp-content\/uploads\/2023\/03\/3280584-150x150.jpg\">Add to wishlist<\/button><button class=\"woosc-btn woosc-btn-5404\" data-id=\"5404\" data-product_name=\"Anel 3180584\" data-product_image=\"https:\/\/ferrerajewels.pt\/wp-content\/uploads\/2023\/03\/3280584-150x150.jpg\">Compare<\/button><button class=\"woosq-btn woosq-btn-5404\" data-id=\"5404\" data-effect=\"mfp-3d-unfold\" data-context=\"default\">Quick view<\/button>        <\/div>\n        <\/div>\n        <a href=\"https:\/\/ferrerajewels.pt\/en\/product\/anel-3180584\/\" class=\"woocommerce-LoopProduct-link woocommerce-loop-product__link\"><\/a><\/div><div class=\"product-caption\"><div class=\"posted-in\"><a href=\"https:\/\/ferrerajewels.pt\/en\/product-category\/feminino\/aneis\/\" rel=\"tag\">Rings<\/a><\/div><\/div><\/div><\/li>\n<li class=\"product type-product post-5401 status-publish last instock product_cat-aneis has-post-thumbnail shipping-taxable purchasable product-type-simple\">\n\t<div class=\"product-block\"><div class=\"product-transition\">        <div class=\"group-action\">\n        <div class=\"shop-action\">\n        <div class=\"add_to_cart_tooltips\"> <a href=\"?add-to-cart=5401\" data-quantity=\"1\" class=\"button product_type_simple add_to_cart_button ajax_add_to_cart\" data-product_id=\"5401\" data-product_sku=\"\" aria-label=\"Add \u201cAnel 3180583\u201d to your basket\" aria-describedby=\"\" rel=\"nofollow\" data-no-translation=\"\" data-trp-gettext=\"\" data-no-translation-aria-label=\"\">Add to basket<\/a><\/div><button class=\"woosw-btn woosw-btn-5401\" data-id=\"5401\" data-product_name=\"Anel 3180583\" data-product_image=\"https:\/\/ferrerajewels.pt\/wp-content\/uploads\/2023\/03\/3280583-150x150.jpg\">Add to wishlist<\/button><button class=\"woosc-btn woosc-btn-5401\" data-id=\"5401\" data-product_name=\"Anel 3180583\" data-product_image=\"https:\/\/ferrerajewels.pt\/wp-content\/uploads\/2023\/03\/3280583-150x150.jpg\">Compare<\/button><button class=\"woosq-btn woosq-btn-5401\" data-id=\"5401\" data-effect=\"mfp-3d-unfold\" data-context=\"default\">Quick view<\/button>        <\/div>\n        <\/div>\n        <a href=\"https:\/\/ferrerajewels.pt\/en\/product\/anel-3180583\/\" class=\"woocommerce-LoopProduct-link woocommerce-loop-product__link\"><\/a><\/div><div class=\"product-caption\"><div class=\"posted-in\"><a href=\"https:\/\/ferrerajewels.pt\/en\/product-category\/feminino\/aneis\/\" rel=\"tag\">Rings<\/a><\/div><\/div><\/div><\/li>\n<li class=\"product type-product post-5398 status-publish first instock product_cat-aneis has-post-thumbnail shipping-taxable purchasable product-type-simple\">\n\t<div class=\"product-block\"><div class=\"product-transition\">        <div class=\"group-action\">\n        <div class=\"shop-action\">\n        <div class=\"add_to_cart_tooltips\"> <a href=\"?add-to-cart=5398\" data-quantity=\"1\" class=\"button product_type_simple add_to_cart_button ajax_add_to_cart\" data-product_id=\"5398\" data-product_sku=\"\" aria-label=\"Add \u201cAnel 3180575\u201d to your basket\" aria-describedby=\"\" rel=\"nofollow\" data-no-translation=\"\" data-trp-gettext=\"\" data-no-translation-aria-label=\"\">Add to basket<\/a><\/div><button class=\"woosw-btn woosw-btn-5398\" data-id=\"5398\" data-product_name=\"Anel 3180575\" data-product_image=\"https:\/\/ferrerajewels.pt\/wp-content\/uploads\/2023\/03\/3280575-150x150.jpg\">Add to wishlist<\/button><button class=\"woosc-btn woosc-btn-5398\" data-id=\"5398\" data-product_name=\"Anel 3180575\" data-product_image=\"https:\/\/ferrerajewels.pt\/wp-content\/uploads\/2023\/03\/3280575-150x150.jpg\">Compare<\/button><button class=\"woosq-btn woosq-btn-5398\" data-id=\"5398\" data-effect=\"mfp-3d-unfold\" data-context=\"default\">Quick view<\/button>        <\/div>\n        <\/div>\n        <a href=\"https:\/\/ferrerajewels.pt\/en\/product\/anel-3180575\/\" class=\"woocommerce-LoopProduct-link woocommerce-loop-product__link\"><\/a><\/div><div class=\"product-caption\"><div class=\"posted-in\"><a href=\"https:\/\/ferrerajewels.pt\/en\/product-category\/feminino\/aneis\/\" rel=\"tag\">Rings<\/a><\/div><\/div><\/div><\/li>\n<li class=\"product type-product post-5395 status-publish instock product_cat-aneis has-post-thumbnail shipping-taxable purchasable product-type-simple\">\n\t<div class=\"product-block\"><div class=\"product-transition\">        <div class=\"group-action\">\n        <div class=\"shop-action\">\n        <div class=\"add_to_cart_tooltips\"> <a href=\"?add-to-cart=5395\" data-quantity=\"1\" class=\"button product_type_simple add_to_cart_button ajax_add_to_cart\" data-product_id=\"5395\" data-product_sku=\"\" aria-label=\"Add \u201cAnel 3180526\u201d to your basket\" aria-describedby=\"\" rel=\"nofollow\" data-no-translation=\"\" data-trp-gettext=\"\" data-no-translation-aria-label=\"\">Add to basket<\/a><\/div><button class=\"woosw-btn woosw-btn-5395\" data-id=\"5395\" data-product_name=\"Anel 3180526\" data-product_image=\"https:\/\/ferrerajewels.pt\/wp-content\/uploads\/2023\/03\/3280526-150x150.jpg\">Add to wishlist<\/button><button class=\"woosc-btn woosc-btn-5395\" data-id=\"5395\" data-product_name=\"Anel 3180526\" data-product_image=\"https:\/\/ferrerajewels.pt\/wp-content\/uploads\/2023\/03\/3280526-150x150.jpg\">Compare<\/button><button class=\"woosq-btn woosq-btn-5395\" data-id=\"5395\" data-effect=\"mfp-3d-unfold\" data-context=\"default\">Quick view<\/button>        <\/div>\n        <\/div>\n        <a href=\"https:\/\/ferrerajewels.pt\/en\/product\/anel-3180526\/\" class=\"woocommerce-LoopProduct-link woocommerce-loop-product__link\"><\/a><\/div><div class=\"product-caption\"><div class=\"posted-in\"><a href=\"https:\/\/ferrerajewels.pt\/en\/product-category\/feminino\/aneis\/\" rel=\"tag\">Rings<\/a><\/div><\/div><\/div><\/li>\n<li class=\"product type-product post-5392 status-publish instock product_cat-aneis has-post-thumbnail featured shipping-taxable purchasable product-type-simple\">\n\t<div class=\"product-block\"><div class=\"product-transition\">        <div class=\"group-action\">\n        <div class=\"shop-action\">\n        <div class=\"add_to_cart_tooltips\"> <a href=\"?add-to-cart=5392\" data-quantity=\"1\" class=\"button product_type_simple add_to_cart_button ajax_add_to_cart\" data-product_id=\"5392\" data-product_sku=\"\" aria-label=\"Add \u201cAnel 3180523\u201d to your basket\" aria-describedby=\"\" rel=\"nofollow\" data-no-translation=\"\" data-trp-gettext=\"\" data-no-translation-aria-label=\"\">Add to basket<\/a><\/div><button class=\"woosw-btn woosw-btn-5392\" data-id=\"5392\" data-product_name=\"Anel 3180523\" data-product_image=\"https:\/\/ferrerajewels.pt\/wp-content\/uploads\/2023\/03\/3280523-150x150.jpg\">Add to wishlist<\/button><button class=\"woosc-btn woosc-btn-5392\" data-id=\"5392\" data-product_name=\"Anel 3180523\" data-product_image=\"https:\/\/ferrerajewels.pt\/wp-content\/uploads\/2023\/03\/3280523-150x150.jpg\">Compare<\/button><button class=\"woosq-btn woosq-btn-5392\" data-id=\"5392\" data-effect=\"mfp-3d-unfold\" data-context=\"default\">Quick view<\/button>        <\/div>\n        <\/div>\n        <a href=\"https:\/\/ferrerajewels.pt\/en\/product\/anel-3180523\/\" class=\"woocommerce-LoopProduct-link woocommerce-loop-product__link\"><\/a><\/div><div class=\"product-caption\"><div class=\"posted-in\"><a href=\"https:\/\/ferrerajewels.pt\/en\/product-category\/feminino\/aneis\/\" rel=\"tag\">Rings<\/a><\/div><\/div><\/div><\/li>\n<li class=\"product type-product post-5389 status-publish last instock product_cat-aneis has-post-thumbnail shipping-taxable purchasable product-type-simple\">\n\t<div class=\"product-block\"><div class=\"product-transition\">        <div class=\"group-action\">\n        <div class=\"shop-action\">\n        <div class=\"add_to_cart_tooltips\"> <a href=\"?add-to-cart=5389\" data-quantity=\"1\" class=\"button product_type_simple add_to_cart_button ajax_add_to_cart\" data-product_id=\"5389\" data-product_sku=\"\" aria-label=\"Add \u201cAnel 3180519\u201d to your basket\" aria-describedby=\"\" rel=\"nofollow\" data-no-translation=\"\" data-trp-gettext=\"\" data-no-translation-aria-label=\"\">Add to basket<\/a><\/div><button class=\"woosw-btn woosw-btn-5389\" data-id=\"5389\" data-product_name=\"Anel 3180519\" data-product_image=\"https:\/\/ferrerajewels.pt\/wp-content\/uploads\/2023\/03\/3280519-150x150.jpg\">Add to wishlist<\/button><button class=\"woosc-btn woosc-btn-5389\" data-id=\"5389\" data-product_name=\"Anel 3180519\" data-product_image=\"https:\/\/ferrerajewels.pt\/wp-content\/uploads\/2023\/03\/3280519-150x150.jpg\">Compare<\/button><button class=\"woosq-btn woosq-btn-5389\" data-id=\"5389\" data-effect=\"mfp-3d-unfold\" data-context=\"default\">Quick view<\/button>        <\/div>\n        <\/div>\n        <a href=\"https:\/\/ferrerajewels.pt\/en\/product\/anel-3180519\/\" class=\"woocommerce-LoopProduct-link woocommerce-loop-product__link\"><\/a><\/div><div class=\"product-caption\"><div class=\"posted-in\"><a href=\"https:\/\/ferrerajewels.pt\/en\/product-category\/feminino\/aneis\/\" rel=\"tag\">Rings<\/a><\/div><\/div><\/div><\/li>\n<li class=\"product type-product post-5386 status-publish first instock product_cat-aneis has-post-thumbnail shipping-taxable purchasable product-type-simple\">\n\t<div class=\"product-block\"><div class=\"product-transition\">        <div class=\"group-action\">\n        <div class=\"shop-action\">\n        <div class=\"add_to_cart_tooltips\"> <a href=\"?add-to-cart=5386\" data-quantity=\"1\" class=\"button product_type_simple add_to_cart_button ajax_add_to_cart\" data-product_id=\"5386\" data-product_sku=\"\" aria-label=\"Add \u201cAnel 3180484\u201d to your basket\" aria-describedby=\"\" rel=\"nofollow\" data-no-translation=\"\" data-trp-gettext=\"\" data-no-translation-aria-label=\"\">Add to basket<\/a><\/div><button class=\"woosw-btn woosw-btn-5386\" data-id=\"5386\" data-product_name=\"Anel 3180484\" data-product_image=\"https:\/\/ferrerajewels.pt\/wp-content\/uploads\/2023\/03\/3280484-150x150.jpg\">Add to wishlist<\/button><button class=\"woosc-btn woosc-btn-5386\" data-id=\"5386\" data-product_name=\"Anel 3180484\" data-product_image=\"https:\/\/ferrerajewels.pt\/wp-content\/uploads\/2023\/03\/3280484-150x150.jpg\">Compare<\/button><button class=\"woosq-btn woosq-btn-5386\" data-id=\"5386\" data-effect=\"mfp-3d-unfold\" data-context=\"default\">Quick view<\/button>        <\/div>\n        <\/div>\n        <a href=\"https:\/\/ferrerajewels.pt\/en\/product\/anel-3180484\/\" class=\"woocommerce-LoopProduct-link woocommerce-loop-product__link\"><\/a><\/div><div class=\"product-caption\"><div class=\"posted-in\"><a href=\"https:\/\/ferrerajewels.pt\/en\/product-category\/feminino\/aneis\/\" rel=\"tag\">Rings<\/a><\/div><\/div><\/div><\/li>\n<li class=\"product type-product post-5383 status-publish instock product_cat-aneis has-post-thumbnail shipping-taxable purchasable product-type-simple\">\n\t<div class=\"product-block\"><div class=\"product-transition\">        <div class=\"group-action\">\n        <div class=\"shop-action\">\n        <div class=\"add_to_cart_tooltips\"> <a href=\"?add-to-cart=5383\" data-quantity=\"1\" class=\"button product_type_simple add_to_cart_button ajax_add_to_cart\" data-product_id=\"5383\" data-product_sku=\"\" aria-label=\"Add \u201cAnel 3180430\u201d to your basket\" aria-describedby=\"\" rel=\"nofollow\" data-no-translation=\"\" data-trp-gettext=\"\" data-no-translation-aria-label=\"\">Add to basket<\/a><\/div><button class=\"woosw-btn woosw-btn-5383\" data-id=\"5383\" data-product_name=\"Anel 3180430\" data-product_image=\"https:\/\/ferrerajewels.pt\/wp-content\/uploads\/2023\/03\/3280430-150x150.jpg\">Add to wishlist<\/button><button class=\"woosc-btn woosc-btn-5383\" data-id=\"5383\" data-product_name=\"Anel 3180430\" data-product_image=\"https:\/\/ferrerajewels.pt\/wp-content\/uploads\/2023\/03\/3280430-150x150.jpg\">Compare<\/button><button class=\"woosq-btn woosq-btn-5383\" data-id=\"5383\" data-effect=\"mfp-3d-unfold\" data-context=\"default\">Quick view<\/button>        <\/div>\n        <\/div>\n        <a href=\"https:\/\/ferrerajewels.pt\/en\/product\/anel-3180430\/\" class=\"woocommerce-LoopProduct-link woocommerce-loop-product__link\"><\/a><\/div><div class=\"product-caption\"><div class=\"posted-in\"><a href=\"https:\/\/ferrerajewels.pt\/en\/product-category\/feminino\/aneis\/\" rel=\"tag\">Rings<\/a><\/div><\/div><\/div><\/li>\n<li class=\"product type-product post-5380 status-publish instock product_cat-aneis has-post-thumbnail shipping-taxable purchasable product-type-simple\">\n\t<div class=\"product-block\"><div class=\"product-transition\">        <div class=\"group-action\">\n        <div class=\"shop-action\">\n        <div class=\"add_to_cart_tooltips\"> <a href=\"?add-to-cart=5380\" data-quantity=\"1\" class=\"button product_type_simple add_to_cart_button ajax_add_to_cart\" data-product_id=\"5380\" data-product_sku=\"\" aria-label=\"Add \u201cAnel 3180420\u201d to your basket\" aria-describedby=\"\" rel=\"nofollow\" data-no-translation=\"\" data-trp-gettext=\"\" data-no-translation-aria-label=\"\">Add to basket<\/a><\/div><button class=\"woosw-btn woosw-btn-5380\" data-id=\"5380\" data-product_name=\"Anel 3180420\" data-product_image=\"https:\/\/ferrerajewels.pt\/wp-content\/uploads\/2023\/03\/3280420-150x150.jpg\">Add to wishlist<\/button><button class=\"woosc-btn woosc-btn-5380\" data-id=\"5380\" data-product_name=\"Anel 3180420\" data-product_image=\"https:\/\/ferrerajewels.pt\/wp-content\/uploads\/2023\/03\/3280420-150x150.jpg\">Compare<\/button><button class=\"woosq-btn woosq-btn-5380\" data-id=\"5380\" data-effect=\"mfp-3d-unfold\" data-context=\"default\">Quick view<\/button>        <\/div>\n        <\/div>\n        <a href=\"https:\/\/ferrerajewels.pt\/en\/product\/anel-3180420\/\" class=\"woocommerce-LoopProduct-link woocommerce-loop-product__link\"><\/a><\/div><div class=\"product-caption\"><div class=\"posted-in\"><a href=\"https:\/\/ferrerajewels.pt\/en\/product-category\/feminino\/aneis\/\" rel=\"tag\">Rings<\/a><\/div><\/div><\/div><\/li>\n<li class=\"product type-product post-5377 status-publish last instock product_cat-aneis has-post-thumbnail shipping-taxable purchasable product-type-simple\">\n\t<div class=\"product-block\"><div class=\"product-transition\">        <div class=\"group-action\">\n        <div class=\"shop-action\">\n        <div class=\"add_to_cart_tooltips\"> <a href=\"?add-to-cart=5377\" data-quantity=\"1\" class=\"button product_type_simple add_to_cart_button ajax_add_to_cart\" data-product_id=\"5377\" data-product_sku=\"\" aria-label=\"Add \u201cAnel 3180394\u201d to your basket\" aria-describedby=\"\" rel=\"nofollow\" data-no-translation=\"\" data-trp-gettext=\"\" data-no-translation-aria-label=\"\">Add to basket<\/a><\/div><button class=\"woosw-btn woosw-btn-5377\" data-id=\"5377\" data-product_name=\"Anel 3180394\" data-product_image=\"https:\/\/ferrerajewels.pt\/wp-content\/uploads\/2023\/03\/3280394-150x150.jpg\">Add to wishlist<\/button><button class=\"woosc-btn woosc-btn-5377\" data-id=\"5377\" data-product_name=\"Anel 3180394\" data-product_image=\"https:\/\/ferrerajewels.pt\/wp-content\/uploads\/2023\/03\/3280394-150x150.jpg\">Compare<\/button><button class=\"woosq-btn woosq-btn-5377\" data-id=\"5377\" data-effect=\"mfp-3d-unfold\" data-context=\"default\">Quick view<\/button>        <\/div>\n        <\/div>\n        <a href=\"https:\/\/ferrerajewels.pt\/en\/product\/anel-3180394\/\" class=\"woocommerce-LoopProduct-link woocommerce-loop-product__link\"><\/a><\/div><div class=\"product-caption\"><div class=\"posted-in\"><a href=\"https:\/\/ferrerajewels.pt\/en\/product-category\/feminino\/aneis\/\" rel=\"tag\">Rings<\/a><\/div><\/div><\/div><\/li>\n<\/ul>\n<\/div><\/div>\t\t<\/div>\n\t\t\t\t<\/div>\n\t\t\t\t\t<\/div>\n\t\t<\/div>\n\t\t\t\t\t\t\t<\/div>\n\t\t<\/section>\n\t\t\t\t\t\t\t<\/div>","protected":false},"excerpt":{"rendered":"<p>A mostrar 1&ndash;12 de 67 resultados Filtrar Ordena\u00e7\u00e3o padr\u00e3oOrdenar por popularidadeOrdenar por mais recentesOrdenar por pre\u00e7o: menor para maiorOrdenar por pre\u00e7o: maior para menor AdicionarAdd to wishlistCompararQuick view An\u00e9is Anel 3180587 595.00&euro; AdicionarAdd to wishlistCompararQuick view An\u00e9is Anel 3180585 615.00&euro; AdicionarAdd to wishlistCompararQuick view An\u00e9is Anel 3180584 725.00&euro; AdicionarAdd to wishlistCompararQuick view An\u00e9is Anel 3180583 [&hellip;]<\/p>","protected":false},"author":1,"featured_media":0,"parent":0,"menu_order":0,"comment_status":"closed","ping_status":"closed","template":"","meta":{"inline_featured_image":false,"_themeisle_gutenberg_block_has_review":false,"footnotes":""},"class_list":["post-5815","page","type-page","status-publish","hentry"],"_links":{"self":[{"href":"https:\/\/ferrerajewels.pt\/en\/wp-json\/wp\/v2\/pages\/5815","targetHints":{"allow":["GET"]}}],"collection":[{"href":"https:\/\/ferrerajewels.pt\/en\/wp-json\/wp\/v2\/pages"}],"about":[{"href":"https:\/\/ferrerajewels.pt\/en\/wp-json\/wp\/v2\/types\/page"}],"author":[{"embeddable":true,"href":"https:\/\/ferrerajewels.pt\/en\/wp-json\/wp\/v2\/users\/1"}],"replies":[{"embeddable":true,"href":"https:\/\/ferrerajewels.pt\/en\/wp-json\/wp\/v2\/comments?post=5815"}],"version-history":[{"count":4,"href":"https:\/\/ferrerajewels.pt\/en\/wp-json\/wp\/v2\/pages\/5815\/revisions"}],"predecessor-version":[{"id":5825,"href":"https:\/\/ferrerajewels.pt\/en\/wp-json\/wp\/v2\/pages\/5815\/revisions\/5825"}],"wp:attachment":[{"href":"https:\/\/ferrerajewels.pt\/en\/wp-json\/wp\/v2\/media?parent=5815"}],"curies":[{"name":"wp","href":"https:\/\/api.w.org\/{rel}","templated":true}]}}