
{"id":5022,"date":"2023-03-07T11:34:42","date_gmt":"2023-03-07T11:34:42","guid":{"rendered":"https:\/\/ferrerajewels.pt\/?page_id=5022"},"modified":"2023-05-31T15:07:30","modified_gmt":"2023-05-31T15:07:30","slug":"quem-somos","status":"publish","type":"page","link":"https:\/\/ferrerajewels.pt\/en\/quem-somos\/","title":{"rendered":"About"},"content":{"rendered":"<div data-elementor-type=\"wp-page\" data-elementor-id=\"5022\" class=\"elementor elementor-5022\">\n\t\t\t\t\t\t\t\t\t<div class=\"elementor-section elementor-top-section elementor-element elementor-element-f9b0203 elementor-section-full_width elementor-section-stretched elementor-section-height-default elementor-section-height-default\" data-id=\"f9b0203\" data-element_type=\"section\" data-settings=\"{&quot;stretch_section&quot;:&quot;section-stretched&quot;}\">\n\t\t\t\t\t\t<div class=\"elementor-container elementor-column-gap-no\">\n\t\t\t\t\t<div class=\"elementor-column elementor-col-100 elementor-top-column elementor-element elementor-element-4aa4452\" data-id=\"4aa4452\" data-element_type=\"column\">\n\t\t\t<div class=\"elementor-widget-wrap elementor-element-populated\">\n\t\t\t\t\t\t\t\t<div class=\"elementor-element elementor-element-678c2ca box-align-center elementor-cta--valign-bottom elementor-bg-transform elementor-bg-transform-move-left-custom elementor-position-above elementor-widget elementor-widget-aro-banner\" data-id=\"678c2ca\" data-element_type=\"widget\" data-widget_type=\"aro-banner.default\">\n\t\t\t\t<div class=\"elementor-widget-container\">\n\t\t\t        <div  class=\"elementor-cta--skin-cover elementor-cta elementor-aro-banner\">\n                    <div class=\"elementor-cta__bg-wrapper\">\n                <div class=\"elementor-cta__bg-overlay\"><\/div>\n                <div class=\"elementor-cta__bg elementor-bg\" style=\"background-image: url(https:\/\/ferrerajewels.pt\/wp-content\/uploads\/2023\/04\/8.jpg);\"><\/div>\n            <\/div>\n                <div class=\"elementor-cta__content\">\n        <div class=\"elementor-cta__content_inner\">\n        \n                <h3 class=\"elementor-cta__title elementor-cta__content-item elementor-content-item\">\n        About        <\/h3>\n        \n        \n        \n                <\/div>\n        <\/div>\n        <\/div>\n        \t\t<\/div>\n\t\t\t\t<\/div>\n\t\t\t\t\t<\/div>\n\t\t<\/div>\n\t\t\t\t\t\t\t<\/div>\n\t\t<\/div>\n\t\t\t\t<div class=\"elementor-section elementor-top-section elementor-element elementor-element-2ee5085 elementor-section-stretched elementor-section-boxed elementor-section-height-default elementor-section-height-default\" data-id=\"2ee5085\" data-element_type=\"section\" data-settings=\"{&quot;stretch_section&quot;:&quot;section-stretched&quot;}\">\n\t\t\t\t\t\t<div class=\"elementor-container elementor-column-gap-no\">\n\t\t\t\t\t<div class=\"elementor-column elementor-col-50 elementor-top-column elementor-element elementor-element-77287cc\" data-id=\"77287cc\" data-element_type=\"column\">\n\t\t\t<div class=\"elementor-widget-wrap elementor-element-populated\">\n\t\t\t\t\t\t\t\t<div class=\"elementor-element elementor-element-05b7550 elementor-widget elementor-widget-text-editor\" data-id=\"05b7550\" data-element_type=\"widget\" data-widget_type=\"text-editor.default\">\n\t\t\t\t<div class=\"elementor-widget-container\">\n\t\t\t<style>\/*! elementor - v3.15.0 - 31-07-2023 *\/\n.elementor-widget-text-editor.elementor-drop-cap-view-stacked .elementor-drop-cap{background-color:#69727d;color:#fff}.elementor-widget-text-editor.elementor-drop-cap-view-framed .elementor-drop-cap{color:#69727d;border:3px solid;background-color:transparent}.elementor-widget-text-editor:not(.elementor-drop-cap-view-default) .elementor-drop-cap{margin-top:8px}.elementor-widget-text-editor:not(.elementor-drop-cap-view-default) .elementor-drop-cap-letter{width:1em;height:1em}.elementor-widget-text-editor .elementor-drop-cap{float:left;text-align:center;line-height:1;font-size:50px}.elementor-widget-text-editor .elementor-drop-cap-letter{display:inline-block}<\/style>\t\t\t\t<p>How it started<\/p>\t\t\t\t\t\t<\/div>\n\t\t\t\t<\/div>\n\t\t\t\t<div class=\"elementor-element elementor-element-8680ebe elementor-widget elementor-widget-heading\" data-id=\"8680ebe\" data-element_type=\"widget\" data-widget_type=\"heading.default\">\n\t\t\t\t<div class=\"elementor-widget-container\">\n\t\t\t<style>\/*! elementor - v3.15.0 - 31-07-2023 *\/\n.elementor-heading-title{padding:0;margin:0;line-height:1}.elementor-widget-heading .elementor-heading-title[class*=elementor-size-]>a{color:inherit;font-size:inherit;line-height:inherit}.elementor-widget-heading .elementor-heading-title.elementor-size-small{font-size:15px}.elementor-widget-heading .elementor-heading-title.elementor-size-medium{font-size:19px}.elementor-widget-heading .elementor-heading-title.elementor-size-large{font-size:29px}.elementor-widget-heading .elementor-heading-title.elementor-size-xl{font-size:39px}.elementor-widget-heading .elementor-heading-title.elementor-size-xxl{font-size:59px}<\/style><h2 class=\"elementor-heading-title elementor-size-default\">About<\/h2>\t\t<\/div>\n\t\t\t\t<\/div>\n\t\t\t\t<div class=\"elementor-element elementor-element-d10322a elementor-widget__width-initial elementor-widget elementor-widget-text-editor\" data-id=\"d10322a\" data-element_type=\"widget\" data-widget_type=\"text-editor.default\">\n\t\t\t\t<div class=\"elementor-widget-container\">\n\t\t\t\t\t\t\t<p>FERRERA JEWELS was created by M\u00e1rio Ferreira for his two children in August 2021, following his extensive experience in the world of Luxury.<\/p><p>He has worked with major international brands such as CHAUMET, H. STERN, MIKIMOTO, MIMI and PEQUIGNET.<\/p><p>To further enhance his experience, in addition to training with international brands and in gemmology, he participated in a course of LUXURY MANAGEMENT FOR EXECUTIVES at the Catholic University of Lisbon.<\/p>\t\t\t\t\t\t<\/div>\n\t\t\t\t<\/div>\n\t\t\t\t\t<\/div>\n\t\t<\/div>\n\t\t\t\t<div class=\"elementor-column elementor-col-50 elementor-top-column elementor-element elementor-element-e5acee1\" data-id=\"e5acee1\" data-element_type=\"column\">\n\t\t\t<div class=\"elementor-widget-wrap elementor-element-populated\">\n\t\t\t\t\t\t\t\t<div class=\"elementor-element elementor-element-9b26075 arrow-style-1 elementor-widget elementor-widget-aro-image-carousel\" data-id=\"9b26075\" data-element_type=\"widget\" data-widget_type=\"aro-image-carousel.default\">\n\t\t\t\t<div class=\"elementor-widget-container\">\n\t\t\t            <div class=\"elementor-image-carousel-item-wrapper\">\n                <div class=\"row aro-carousel\" data-settings=\"{&quot;centerMode&quot;:false,&quot;variableWidth&quot;:false,&quot;centerPadding&quot;:&quot;50px&quot;,&quot;navigation&quot;:&quot;none&quot;,&quot;autoplayHoverPause&quot;:true,&quot;autoplay&quot;:true,&quot;autoplaySpeed&quot;:3000,&quot;infinite&quot;:true,&quot;items&quot;:&quot;2&quot;,&quot;$items_widescreen&quot;:&quot;2&quot;,&quot;items_laptop&quot;:&quot;2&quot;,&quot;items_tablet_extra&quot;:&quot;2&quot;,&quot;items_tablet&quot;:&quot;1&quot;,&quot;items_mobile_extra&quot;:&quot;1&quot;,&quot;items_mobile&quot;:1,&quot;centerPadding_laptop&quot;:&quot;50px&quot;,&quot;centerPadding_tablet_extra&quot;:&quot;50px&quot;,&quot;centerPadding_tablet&quot;:&quot;50px&quot;,&quot;centerPadding_mobile_extra&quot;:&quot;50px&quot;,&quot;centerPadding_mobile&quot;:&quot;50px&quot;,&quot;breakpoint_laptop&quot;:1366,&quot;breakpoint_tablet_extra&quot;:1200,&quot;breakpoint_tablet&quot;:1024,&quot;breakpoint_mobile_extra&quot;:880,&quot;breakpoint_mobile&quot;:767}\">\n                                            <div class=\"column-item\">\n\n                            <a class=\"image-carousel\" href=\"\"\n                                >\n                                                                                                    <img decoding=\"async\" class=\"image\" src=\"https:\/\/ferrerajewels.pt\/wp-content\/uploads\/2023\/03\/quem-somos-anel.jpg\" alt=\"image\">\n                                                                <span class=\"title\"><\/span>\n                            <\/a>\n\n                        <\/div>\n                                            <div class=\"column-item\">\n\n                            <a class=\"image-carousel\" href=\"\"\n                                >\n                                                                                                    <img decoding=\"async\" class=\"image\" src=\"https:\/\/ferrerajewels.pt\/wp-content\/uploads\/2023\/03\/quem-somos-colar.jpg\" alt=\"image\">\n                                                                <span class=\"title\"><\/span>\n                            <\/a>\n\n                        <\/div>\n                                    <\/div>\n            <\/div>\n            \t\t<\/div>\n\t\t\t\t<\/div>\n\t\t\t\t\t<\/div>\n\t\t<\/div>\n\t\t\t\t\t\t\t<\/div>\n\t\t<\/div>\n\t\t\t\t<div class=\"elementor-section elementor-top-section elementor-element elementor-element-6721150 elementor-section-stretched elementor-section-boxed elementor-section-height-default elementor-section-height-default\" data-id=\"6721150\" data-element_type=\"section\" data-settings=\"{&quot;stretch_section&quot;:&quot;section-stretched&quot;,&quot;background_background&quot;:&quot;classic&quot;}\">\n\t\t\t\t\t\t<div class=\"elementor-container elementor-column-gap-no\">\n\t\t\t\t\t<div class=\"elementor-column elementor-col-100 elementor-top-column elementor-element elementor-element-ea4f17b\" data-id=\"ea4f17b\" data-element_type=\"column\">\n\t\t\t<div class=\"elementor-widget-wrap elementor-element-populated\">\n\t\t\t\t\t\t\t\t<div class=\"elementor-element elementor-element-125c101 elementor-widget elementor-widget-heading\" data-id=\"125c101\" data-element_type=\"widget\" data-widget_type=\"heading.default\">\n\t\t\t\t<div class=\"elementor-widget-container\">\n\t\t\t<h2 class=\"elementor-heading-title elementor-size-default\">Luxury Jewels\n<\/h2>\t\t<\/div>\n\t\t\t\t<\/div>\n\t\t\t\t\t<\/div>\n\t\t<\/div>\n\t\t\t\t\t\t\t<\/div>\n\t\t<\/div>\n\t\t\t\t<div class=\"elementor-section elementor-top-section elementor-element elementor-element-5cf7944 elementor-section-stretched elementor-section-boxed elementor-section-height-default elementor-section-height-default\" data-id=\"5cf7944\" data-element_type=\"section\" data-settings=\"{&quot;stretch_section&quot;:&quot;section-stretched&quot;}\">\n\t\t\t\t\t\t<div class=\"elementor-container elementor-column-gap-no\">\n\t\t\t\t\t<div class=\"elementor-column elementor-col-50 elementor-top-column elementor-element elementor-element-f15d1fd\" data-id=\"f15d1fd\" data-element_type=\"column\">\n\t\t\t<div class=\"elementor-widget-wrap elementor-element-populated\">\n\t\t\t\t\t\t\t\t<div class=\"elementor-element elementor-element-7dbebed elementor-widget elementor-widget-image\" data-id=\"7dbebed\" data-element_type=\"widget\" data-widget_type=\"image.default\">\n\t\t\t\t<div class=\"elementor-widget-container\">\n\t\t\t<style>\/*! elementor - v3.15.0 - 31-07-2023 *\/\n.elementor-widget-image{text-align:center}.elementor-widget-image a{display:inline-block}.elementor-widget-image a img[src$=\".svg\"]{width:48px}.elementor-widget-image img{vertical-align:middle;display:inline-block}<\/style>\t\t\t\t\t\t\t\t\t\t\t\t<img loading=\"lazy\" decoding=\"async\" width=\"896\" height=\"1186\" src=\"https:\/\/ferrerajewels.pt\/wp-content\/uploads\/2023\/03\/mulher_com_colar_perolas.jpg\" class=\"attachment-full size-full wp-image-5060\" alt=\"\" srcset=\"https:\/\/ferrerajewels.pt\/wp-content\/uploads\/2023\/03\/mulher_com_colar_perolas.jpg 896w, https:\/\/ferrerajewels.pt\/wp-content\/uploads\/2023\/03\/mulher_com_colar_perolas-227x300.jpg 227w, https:\/\/ferrerajewels.pt\/wp-content\/uploads\/2023\/03\/mulher_com_colar_perolas-774x1024.jpg 774w, https:\/\/ferrerajewels.pt\/wp-content\/uploads\/2023\/03\/mulher_com_colar_perolas-768x1017.jpg 768w, https:\/\/ferrerajewels.pt\/wp-content\/uploads\/2023\/03\/mulher_com_colar_perolas-800x1059.jpg 800w\" sizes=\"auto, (max-width: 896px) 100vw, 896px\" \/>\t\t\t\t\t\t\t\t\t\t\t\t\t\t\t<\/div>\n\t\t\t\t<\/div>\n\t\t\t\t\t<\/div>\n\t\t<\/div>\n\t\t\t\t<div class=\"elementor-column elementor-col-50 elementor-top-column elementor-element elementor-element-0f10282\" data-id=\"0f10282\" data-element_type=\"column\">\n\t\t\t<div class=\"elementor-widget-wrap elementor-element-populated\">\n\t\t\t\t\t\t\t\t<div class=\"elementor-element elementor-element-0658792 elementor-widget__width-initial elementor-widget elementor-widget-heading\" data-id=\"0658792\" data-element_type=\"widget\" data-widget_type=\"heading.default\">\n\t\t\t\t<div class=\"elementor-widget-container\">\n\t\t\t<h2 class=\"elementor-heading-title elementor-size-default\">The creation of a gem<\/h2>\t\t<\/div>\n\t\t\t\t<\/div>\n\t\t\t\t<div class=\"elementor-element elementor-element-1dc8f32 elementor-tabs-view-horizontal elementor-invisible elementor-widget elementor-widget-tabs\" data-id=\"1dc8f32\" data-element_type=\"widget\" data-settings=\"{&quot;_animation&quot;:&quot;fadeIn&quot;}\" data-widget_type=\"tabs.default\">\n\t\t\t\t<div class=\"elementor-widget-container\">\n\t\t\t<style>.elementor-widget-tabs.elementor-tabs-view-vertical .elementor-tabs-wrapper{width:25%;flex-shrink:0}.elementor-widget-tabs.elementor-tabs-view-vertical .elementor-tab-desktop-title.elementor-active{border-right-style:none}.elementor-widget-tabs.elementor-tabs-view-vertical .elementor-tab-desktop-title.elementor-active:after,.elementor-widget-tabs.elementor-tabs-view-vertical .elementor-tab-desktop-title.elementor-active:before{height:999em;width:0;right:0;border-right-style:solid}.elementor-widget-tabs.elementor-tabs-view-vertical .elementor-tab-desktop-title.elementor-active:before{top:0;transform:translateY(-100%)}.elementor-widget-tabs.elementor-tabs-view-vertical .elementor-tab-desktop-title.elementor-active:after{top:100%}.elementor-widget-tabs.elementor-tabs-view-horizontal .elementor-tab-desktop-title{display:table-cell}.elementor-widget-tabs.elementor-tabs-view-horizontal .elementor-tab-desktop-title.elementor-active{border-bottom-style:none}.elementor-widget-tabs.elementor-tabs-view-horizontal .elementor-tab-desktop-title.elementor-active:after,.elementor-widget-tabs.elementor-tabs-view-horizontal .elementor-tab-desktop-title.elementor-active:before{bottom:0;height:0;width:999em;border-bottom-style:solid}.elementor-widget-tabs.elementor-tabs-view-horizontal .elementor-tab-desktop-title.elementor-active:before{right:100%}.elementor-widget-tabs.elementor-tabs-view-horizontal .elementor-tab-desktop-title.elementor-active:after{left:100%}.elementor-widget-tabs .elementor-tab-content,.elementor-widget-tabs .elementor-tab-title,.elementor-widget-tabs .elementor-tab-title:after,.elementor-widget-tabs .elementor-tab-title:before,.elementor-widget-tabs .elementor-tabs-content-wrapper{border:1px #d5d8dc}.elementor-widget-tabs .elementor-tabs{text-align:left}.elementor-widget-tabs .elementor-tabs-wrapper{overflow:hidden}.elementor-widget-tabs .elementor-tab-title{cursor:pointer;outline:var(--focus-outline,none)}.elementor-widget-tabs .elementor-tab-desktop-title{position:relative;padding:20px 25px;font-weight:700;line-height:1;border:solid transparent}.elementor-widget-tabs .elementor-tab-desktop-title.elementor-active{border-color:#d5d8dc}.elementor-widget-tabs .elementor-tab-desktop-title.elementor-active:after,.elementor-widget-tabs .elementor-tab-desktop-title.elementor-active:before{display:block;content:\"\";position:absolute}.elementor-widget-tabs .elementor-tab-desktop-title:focus-visible{border:1px solid #000}.elementor-widget-tabs .elementor-tab-mobile-title{padding:10px;cursor:pointer}.elementor-widget-tabs .elementor-tab-content{padding:20px;display:none}@media (max-width:767px){.elementor-tabs .elementor-tab-content,.elementor-tabs .elementor-tab-title{border-style:solid solid none}.elementor-tabs .elementor-tabs-wrapper{display:none}.elementor-tabs .elementor-tabs-content-wrapper{border-bottom-style:solid}.elementor-tabs .elementor-tab-content{padding:10px}}@media (min-width:768px){.elementor-widget-tabs.elementor-tabs-view-vertical .elementor-tabs{display:flex}.elementor-widget-tabs.elementor-tabs-view-vertical .elementor-tabs-wrapper{flex-direction:column}.elementor-widget-tabs.elementor-tabs-view-vertical .elementor-tabs-content-wrapper{flex-grow:1;border-style:solid solid solid none}.elementor-widget-tabs.elementor-tabs-view-horizontal .elementor-tab-content{border-style:none solid solid}.elementor-widget-tabs.elementor-tabs-alignment-center .elementor-tabs-wrapper,.elementor-widget-tabs.elementor-tabs-alignment-end .elementor-tabs-wrapper,.elementor-widget-tabs.elementor-tabs-alignment-stretch .elementor-tabs-wrapper{display:flex}.elementor-widget-tabs.elementor-tabs-alignment-center .elementor-tabs-wrapper{justify-content:center}.elementor-widget-tabs.elementor-tabs-alignment-end .elementor-tabs-wrapper{justify-content:flex-end}.elementor-widget-tabs.elementor-tabs-alignment-stretch.elementor-tabs-view-horizontal .elementor-tab-title{width:100%}.elementor-widget-tabs.elementor-tabs-alignment-stretch.elementor-tabs-view-vertical .elementor-tab-title{height:100%}.elementor-tabs .elementor-tab-mobile-title{display:none}}<\/style>\t\t<div class=\"elementor-tabs\">\n\t\t\t<div class=\"elementor-tabs-wrapper\" role=\"tablist\" >\n\t\t\t\t\t\t\t\t\t<div id=\"elementor-tab-title-3121\" class=\"elementor-tab-title elementor-tab-desktop-title\" aria-selected=\"true\" data-tab=\"1\" role=\"tab\" tabindex=\"0\" aria-controls=\"elementor-tab-content-3121\" aria-expanded=\"false\">Step 1<\/div>\n\t\t\t\t\t\t\t\t\t<div id=\"elementor-tab-title-3122\" class=\"elementor-tab-title elementor-tab-desktop-title\" aria-selected=\"false\" data-tab=\"2\" role=\"tab\" tabindex=\"-1\" aria-controls=\"elementor-tab-content-3122\" aria-expanded=\"false\">Step 2<\/div>\n\t\t\t\t\t\t\t\t\t<div id=\"elementor-tab-title-3123\" class=\"elementor-tab-title elementor-tab-desktop-title\" aria-selected=\"false\" data-tab=\"3\" role=\"tab\" tabindex=\"-1\" aria-controls=\"elementor-tab-content-3123\" aria-expanded=\"false\">Step3<\/div>\n\t\t\t\t\t\t\t\t\t<div id=\"elementor-tab-title-3124\" class=\"elementor-tab-title elementor-tab-desktop-title\" aria-selected=\"false\" data-tab=\"4\" role=\"tab\" tabindex=\"-1\" aria-controls=\"elementor-tab-content-3124\" aria-expanded=\"false\">Step 4<\/div>\n\t\t\t\t\t\t\t\t\t<div id=\"elementor-tab-title-3125\" class=\"elementor-tab-title elementor-tab-desktop-title\" aria-selected=\"false\" data-tab=\"5\" role=\"tab\" tabindex=\"-1\" aria-controls=\"elementor-tab-content-3125\" aria-expanded=\"false\">Step 5<\/div>\n\t\t\t\t\t\t\t<\/div>\n\t\t\t<div class=\"elementor-tabs-content-wrapper\" role=\"tablist\" aria-orientation=\"vertical\">\n\t\t\t\t\t\t\t\t\t<div class=\"elementor-tab-title elementor-tab-mobile-title\" aria-selected=\"true\" data-tab=\"1\" role=\"tab\" tabindex=\"0\" aria-controls=\"elementor-tab-content-3121\" aria-expanded=\"false\">Step 1<\/div>\n\t\t\t\t\t<div id=\"elementor-tab-content-3121\" class=\"elementor-tab-content elementor-clearfix\" data-tab=\"1\" role=\"tabpanel\" aria-labelledby=\"elementor-tab-title-3121\" tabindex=\"0\" hidden=\"false\"><p>The process starts with a draft, which is handed to a 3D designer.<\/p>\n<p><img loading=\"lazy\" decoding=\"async\" class=\"alignnone size-medium wp-image-5061\" src=\"https:\/\/ferrerajewels.pt\/wp-content\/uploads\/2023\/03\/corte-300x169.png\" alt=\"\" width=\"300\" height=\"169\" srcset=\"https:\/\/ferrerajewels.pt\/wp-content\/uploads\/2023\/03\/corte-300x169.png 300w, https:\/\/ferrerajewels.pt\/wp-content\/uploads\/2023\/03\/corte-768x432.png 768w, https:\/\/ferrerajewels.pt\/wp-content\/uploads\/2023\/03\/corte-800x450.png 800w, https:\/\/ferrerajewels.pt\/wp-content\/uploads\/2023\/03\/corte.png 983w\" sizes=\"auto, (max-width: 300px) 100vw, 300px\" \/><\/p><\/div>\n\t\t\t\t\t\t\t\t\t<div class=\"elementor-tab-title elementor-tab-mobile-title\" aria-selected=\"false\" data-tab=\"2\" role=\"tab\" tabindex=\"-1\" aria-controls=\"elementor-tab-content-3122\" aria-expanded=\"false\">Step 2<\/div>\n\t\t\t\t\t<div id=\"elementor-tab-content-3122\" class=\"elementor-tab-content elementor-clearfix\" data-tab=\"2\" role=\"tabpanel\" aria-labelledby=\"elementor-tab-title-3122\" tabindex=\"0\" hidden=\"hidden\"><p>After the drawing, the resin is printed and later melted into a cylinder, thus creating the piece in the desired metal, which, in this case, is gold.<\/p><p><img loading=\"lazy\" decoding=\"async\" class=\"alignnone size-full wp-image-5063\" src=\"https:\/\/ferrerajewels.pt\/wp-content\/uploads\/2023\/03\/joia.jpg\" alt=\"\" width=\"262\" height=\"192\" \/><\/p><\/div>\n\t\t\t\t\t\t\t\t\t<div class=\"elementor-tab-title elementor-tab-mobile-title\" aria-selected=\"false\" data-tab=\"3\" role=\"tab\" tabindex=\"-1\" aria-controls=\"elementor-tab-content-3123\" aria-expanded=\"false\">Step3<\/div>\n\t\t\t\t\t<div id=\"elementor-tab-content-3123\" class=\"elementor-tab-content elementor-clearfix\" data-tab=\"3\" role=\"tabpanel\" aria-labelledby=\"elementor-tab-title-3123\" tabindex=\"0\" hidden=\"hidden\"><p>After being worked by the jeweller, it goes into the hands of the person responsible for gemmology, who selects the gems for composing the jewel.<\/p>\n<p><img loading=\"lazy\" decoding=\"async\" class=\"alignnone size-full wp-image-5064\" src=\"https:\/\/ferrerajewels.pt\/wp-content\/uploads\/2023\/03\/gemologia.jpg\" alt=\"\" width=\"262\" height=\"175\" srcset=\"https:\/\/ferrerajewels.pt\/wp-content\/uploads\/2023\/03\/gemologia.jpg 262w, https:\/\/ferrerajewels.pt\/wp-content\/uploads\/2023\/03\/elementor\/thumbs\/gemologia-150x150.jpg 300w\" sizes=\"auto, (max-width: 262px) 100vw, 262px\" \/><\/p><\/div>\n\t\t\t\t\t\t\t\t\t<div class=\"elementor-tab-title elementor-tab-mobile-title\" aria-selected=\"false\" data-tab=\"4\" role=\"tab\" tabindex=\"-1\" aria-controls=\"elementor-tab-content-3124\" aria-expanded=\"false\">Step 4<\/div>\n\t\t\t\t\t<div id=\"elementor-tab-content-3124\" class=\"elementor-tab-content elementor-clearfix\" data-tab=\"4\" role=\"tabpanel\" aria-labelledby=\"elementor-tab-title-3124\" tabindex=\"0\" hidden=\"hidden\"><p>After this process, the piece is handed to a gem-setter, who encases the gems (diamonds, sapphires, emeralds, rubies, etc.)<\/p>\n<p><img loading=\"lazy\" decoding=\"async\" class=\"alignnone size-medium wp-image-5065\" src=\"https:\/\/ferrerajewels.pt\/wp-content\/uploads\/2023\/03\/encastoamento-200x300.jpg\" alt=\"\" width=\"200\" height=\"300\" srcset=\"https:\/\/ferrerajewels.pt\/wp-content\/uploads\/2023\/03\/encastoamento-200x300.jpg 200w, https:\/\/ferrerajewels.pt\/wp-content\/uploads\/2023\/03\/encastoamento.jpg 208w\" sizes=\"auto, (max-width: 200px) 100vw, 200px\" \/><\/p><\/div>\n\t\t\t\t\t\t\t\t\t<div class=\"elementor-tab-title elementor-tab-mobile-title\" aria-selected=\"false\" data-tab=\"5\" role=\"tab\" tabindex=\"-1\" aria-controls=\"elementor-tab-content-3125\" aria-expanded=\"false\">Step 5<\/div>\n\t\t\t\t\t<div id=\"elementor-tab-content-3125\" class=\"elementor-tab-content elementor-clearfix\" data-tab=\"5\" role=\"tabpanel\" aria-labelledby=\"elementor-tab-title-3125\" tabindex=\"0\" hidden=\"hidden\"><p>Then, the piece is polished and cleaned, takes a plating bath if it is in white gold, and it is ready to be delivered to the customer.<\/p><p><img loading=\"lazy\" decoding=\"async\" class=\"alignnone size-full wp-image-5066\" src=\"https:\/\/ferrerajewels.pt\/wp-content\/uploads\/2023\/03\/lustrada.jpg\" alt=\"\" width=\"262\" height=\"218\" \/><\/p><\/div>\n\t\t\t\t\t\t\t<\/div>\n\t\t<\/div>\n\t\t\t\t<\/div>\n\t\t\t\t<\/div>\n\t\t\t\t\t<\/div>\n\t\t<\/div>\n\t\t\t\t\t\t\t<\/div>\n\t\t<\/div>\n\t\t\t\t\t\t\t<\/div>","protected":false},"excerpt":{"rendered":"<p>Quem somos Como come\u00e7ou A nossa hist\u00f3ria A FERRERA JEWELS foi criada por M\u00e1rio Ferreira para os seus dois filhos em Agosto de 2021, tendo o mesmo uma vasta experi\u00eancia no mundo do Luxo. Trabalhou com grandes marcas internacionais tais como CHAUMET, H. STERN, MIKIMOTO, MIMI e PEQUIGNET Para valorizar ainda mais a sua experi\u00eancia, [&hellip;]<\/p>","protected":false},"author":1,"featured_media":0,"parent":0,"menu_order":0,"comment_status":"closed","ping_status":"closed","template":"","meta":{"inline_featured_image":false,"_themeisle_gutenberg_block_has_review":false,"footnotes":""},"class_list":["post-5022","page","type-page","status-publish","hentry"],"_links":{"self":[{"href":"https:\/\/ferrerajewels.pt\/en\/wp-json\/wp\/v2\/pages\/5022","targetHints":{"allow":["GET"]}}],"collection":[{"href":"https:\/\/ferrerajewels.pt\/en\/wp-json\/wp\/v2\/pages"}],"about":[{"href":"https:\/\/ferrerajewels.pt\/en\/wp-json\/wp\/v2\/types\/page"}],"author":[{"embeddable":true,"href":"https:\/\/ferrerajewels.pt\/en\/wp-json\/wp\/v2\/users\/1"}],"replies":[{"embeddable":true,"href":"https:\/\/ferrerajewels.pt\/en\/wp-json\/wp\/v2\/comments?post=5022"}],"version-history":[{"count":43,"href":"https:\/\/ferrerajewels.pt\/en\/wp-json\/wp\/v2\/pages\/5022\/revisions"}],"predecessor-version":[{"id":5913,"href":"https:\/\/ferrerajewels.pt\/en\/wp-json\/wp\/v2\/pages\/5022\/revisions\/5913"}],"wp:attachment":[{"href":"https:\/\/ferrerajewels.pt\/en\/wp-json\/wp\/v2\/media?parent=5022"}],"curies":[{"name":"wp","href":"https:\/\/api.w.org\/{rel}","templated":true}]}}